{"id":844,"date":"2019-01-20T10:29:34","date_gmt":"2019-01-20T14:29:34","guid":{"rendered":"http:\/\/alaquez.gob.ec\/cotopaxi\/?page_id=844"},"modified":"2020-10-16T12:16:46","modified_gmt":"2020-10-16T16:16:46","slug":"rendicion-de-cuentas-2019","status":"publish","type":"page","link":"http:\/\/alaquez.gob.ec\/cotopaxi\/rendicion-de-cuentas-2019\/","title":{"rendered":""},"content":{"rendered":"<p><a href=\"https:\/\/alaquez.gob.ec\/cotopaxi\/wp-content\/uploads\/2020\/10\/COMISI\u00d3N-DE-PLANIFICACI\u00d3N-DE-LA-PARROQUIA-AL\u00c1QUEZ.pptx\">COMISI\u00d3N DE PLANIFICACI\u00d3N DE LA PARROQUIA AL\u00c1QUEZ<\/a><\/p>\n<p><a href=\"https:\/\/alaquez.gob.ec\/cotopaxi\/wp-content\/uploads\/2020\/10\/PRESUPUESTO-2019037.pdf\">PRESUPUESTO 2019<\/a><\/p>\n<p><a href=\"https:\/\/alaquez.gob.ec\/cotopaxi\/wp-content\/uploads\/2020\/10\/cedula-de-gastos.pdf\">cedula de gastos<\/a><\/p>\n<p><a href=\"https:\/\/alaquez.gob.ec\/cotopaxi\/wp-content\/uploads\/2020\/10\/c\u00e9dula-de-ingresos-2019.pdf\">c\u00e9dula de ingresos 2019<\/a><\/p>\n<p><a href=\"https:\/\/alaquez.gob.ec\/cotopaxi\/wp-content\/uploads\/2020\/10\/DIAPOCITIVAS-GASTOS-GAD.pdf\">DIAPOCITIVAS GASTOS GAD<\/a><a href=\"https:\/\/alaquez.gob.ec\/cotopaxi\/wp-content\/uploads\/2020\/10\/CONVOCATORIA-COMIS\u00d3N-DE-PLANIFICACI\u00d3N-039.pdf\">\u00a0<\/a><\/p>\n<p><a href=\"https:\/\/alaquez.gob.ec\/cotopaxi\/wp-content\/uploads\/2020\/10\/CONVOCATORIA-COMISI\u00d3N-DE-PLANIFICACI\u00d3N-PARA-REVISI\u00d3N-DEL-INFORME-PRELIMINAR-DE-RENDICI\u00d3N-DE-CUENTAS042.pdf\">CONVOCATORIA COMISI\u00d3N DE PLANIFICACI\u00d3N PARA REVISI\u00d3N DEL INFORME PRELIMINAR DE RENDICI\u00d3N DE CUENTAS<\/a><\/p>\n<p><a href=\"https:\/\/alaquez.gob.ec\/cotopaxi\/wp-content\/uploads\/2020\/10\/ACTA-DEL-INFORME-PRELIMINAR-DE-RENDICI\u00d3N-DE-CUENTAS.pdf\">ACTA DEL INFORME PRELIMINAR DE RENDICI\u00d3N DE CUENTAS<\/a><\/p>\n<p><a href=\"https:\/\/alaquez.gob.ec\/cotopaxi\/wp-content\/uploads\/2020\/10\/CONVOCATORIA-PARA-LA-RENDICI\u00d3N-DE-CUENTAS043.pdf\">CONVOCATORIA PARA LA RENDICI\u00d3N DE CUENTAS<\/a><\/p>\n<p>https:\/\/www.facebook.com\/wilson.guanoluisa.391\/videos\/1039327436520022<\/p>\n<p>&nbsp;<\/p>\n<p>&nbsp;<\/p>\n<p>&nbsp;<\/p>\n","protected":false},"excerpt":{"rendered":"<p>COMISI\u00d3N DE PLANIFICACI\u00d3N DE LA PARROQUIA AL\u00c1QUEZ PRESUPUESTO 2019 cedula de gastos c\u00e9dula de ingresos 2019 DIAPOCITIVAS GASTOS GAD\u00a0 CONVOCATORIA COMISI\u00d3N DE PLANIFICACI\u00d3N PARA REVISI\u00d3N DEL INFORME PRELIMINAR DE RENDICI\u00d3N DE CUENTAS ACTA DEL INFORME PRELIMINAR DE RENDICI\u00d3N DE CUENTAS CONVOCATORIA PARA LA RENDICI\u00d3N DE CUENTAS https:\/\/www.facebook.com\/wilson.guanoluisa.391\/videos\/1039327436520022 &nbsp; &nbsp; &nbsp;<\/p>\n","protected":false},"author":2,"featured_media":0,"parent":0,"menu_order":0,"comment_status":"closed","ping_status":"closed","template":"","meta":{"footnotes":""},"class_list":["post-844","page","type-page","status-publish","hentry"],"yoast_head":"<!-- This site is optimized with the Yoast SEO plugin v27.4 - https:\/\/yoast.com\/product\/yoast-seo-wordpress\/ -->\n<title>- GAD parroquial Alaquez<\/title>\n<meta name=\"robots\" content=\"index, follow, max-snippet:-1, max-image-preview:large, max-video-preview:-1\" \/>\n<link rel=\"canonical\" href=\"https:\/\/alaquez.gob.ec\/cotopaxi\/rendicion-de-cuentas-2019\/\" \/>\n<meta property=\"og:locale\" content=\"es_ES\" \/>\n<meta property=\"og:type\" content=\"article\" \/>\n<meta property=\"og:title\" content=\"- GAD parroquial Alaquez\" \/>\n<meta property=\"og:description\" content=\"COMISI\u00d3N DE PLANIFICACI\u00d3N DE LA PARROQUIA AL\u00c1QUEZ PRESUPUESTO 2019 cedula de gastos c\u00e9dula de ingresos 2019 DIAPOCITIVAS GASTOS GAD\u00a0 CONVOCATORIA COMISI\u00d3N DE PLANIFICACI\u00d3N PARA REVISI\u00d3N DEL INFORME PRELIMINAR DE RENDICI\u00d3N DE CUENTAS ACTA DEL INFORME PRELIMINAR DE RENDICI\u00d3N DE CUENTAS CONVOCATORIA PARA LA RENDICI\u00d3N DE CUENTAS https:\/\/www.facebook.com\/wilson.guanoluisa.391\/videos\/1039327436520022 &nbsp; &nbsp; &nbsp;\" \/>\n<meta property=\"og:url\" content=\"https:\/\/alaquez.gob.ec\/cotopaxi\/rendicion-de-cuentas-2019\/\" \/>\n<meta property=\"og:site_name\" content=\"GAD parroquial Alaquez\" \/>\n<meta property=\"article:modified_time\" content=\"2020-10-16T16:16:46+00:00\" \/>\n<meta name=\"twitter:card\" content=\"summary_large_image\" \/>\n<script type=\"application\/ld+json\" class=\"yoast-schema-graph\">{\"@context\":\"https:\\\/\\\/schema.org\",\"@graph\":[{\"@type\":\"WebPage\",\"@id\":\"https:\\\/\\\/alaquez.gob.ec\\\/cotopaxi\\\/rendicion-de-cuentas-2019\\\/\",\"url\":\"https:\\\/\\\/alaquez.gob.ec\\\/cotopaxi\\\/rendicion-de-cuentas-2019\\\/\",\"name\":\"- GAD parroquial Alaquez\",\"isPartOf\":{\"@id\":\"https:\\\/\\\/alaquez.gob.ec\\\/cotopaxi\\\/#website\"},\"datePublished\":\"2019-01-20T14:29:34+00:00\",\"dateModified\":\"2020-10-16T16:16:46+00:00\",\"inLanguage\":\"es\",\"potentialAction\":[{\"@type\":\"ReadAction\",\"target\":[\"https:\\\/\\\/alaquez.gob.ec\\\/cotopaxi\\\/rendicion-de-cuentas-2019\\\/\"]}]},{\"@type\":\"WebSite\",\"@id\":\"https:\\\/\\\/alaquez.gob.ec\\\/cotopaxi\\\/#website\",\"url\":\"https:\\\/\\\/alaquez.gob.ec\\\/cotopaxi\\\/\",\"name\":\"GAD Parroquial de Alaquez Cotopaxi\",\"description\":\"Sitio Oficial del GAD Parroquial de Alaquez Cotopaxi\",\"publisher\":{\"@id\":\"https:\\\/\\\/alaquez.gob.ec\\\/cotopaxi\\\/#organization\"},\"potentialAction\":[{\"@type\":\"SearchAction\",\"target\":{\"@type\":\"EntryPoint\",\"urlTemplate\":\"https:\\\/\\\/alaquez.gob.ec\\\/cotopaxi\\\/?s={search_term_string}\"},\"query-input\":{\"@type\":\"PropertyValueSpecification\",\"valueRequired\":true,\"valueName\":\"search_term_string\"}}],\"inLanguage\":\"es\"},{\"@type\":\"Organization\",\"@id\":\"https:\\\/\\\/alaquez.gob.ec\\\/cotopaxi\\\/#organization\",\"name\":\"GAD Parroquial de Alaquez\",\"url\":\"https:\\\/\\\/alaquez.gob.ec\\\/cotopaxi\\\/\",\"logo\":{\"@type\":\"ImageObject\",\"inLanguage\":\"es\",\"@id\":\"https:\\\/\\\/alaquez.gob.ec\\\/cotopaxi\\\/#\\\/schema\\\/logo\\\/image\\\/\",\"url\":\"https:\\\/\\\/alaquez.gob.ec\\\/cotopaxi\\\/wp-content\\\/uploads\\\/2020\\\/06\\\/logoFooter.png\",\"contentUrl\":\"https:\\\/\\\/alaquez.gob.ec\\\/cotopaxi\\\/wp-content\\\/uploads\\\/2020\\\/06\\\/logoFooter.png\",\"width\":160,\"height\":156,\"caption\":\"GAD Parroquial de Alaquez\"},\"image\":{\"@id\":\"https:\\\/\\\/alaquez.gob.ec\\\/cotopaxi\\\/#\\\/schema\\\/logo\\\/image\\\/\"}}]}<\/script>\n<!-- \/ Yoast SEO plugin. -->","yoast_head_json":{"title":"- GAD parroquial Alaquez","robots":{"index":"index","follow":"follow","max-snippet":"max-snippet:-1","max-image-preview":"max-image-preview:large","max-video-preview":"max-video-preview:-1"},"canonical":"https:\/\/alaquez.gob.ec\/cotopaxi\/rendicion-de-cuentas-2019\/","og_locale":"es_ES","og_type":"article","og_title":"- GAD parroquial Alaquez","og_description":"COMISI\u00d3N DE PLANIFICACI\u00d3N DE LA PARROQUIA AL\u00c1QUEZ PRESUPUESTO 2019 cedula de gastos c\u00e9dula de ingresos 2019 DIAPOCITIVAS GASTOS GAD\u00a0 CONVOCATORIA COMISI\u00d3N DE PLANIFICACI\u00d3N PARA REVISI\u00d3N DEL INFORME PRELIMINAR DE RENDICI\u00d3N DE CUENTAS ACTA DEL INFORME PRELIMINAR DE RENDICI\u00d3N DE CUENTAS CONVOCATORIA PARA LA RENDICI\u00d3N DE CUENTAS https:\/\/www.facebook.com\/wilson.guanoluisa.391\/videos\/1039327436520022 &nbsp; &nbsp; &nbsp;","og_url":"https:\/\/alaquez.gob.ec\/cotopaxi\/rendicion-de-cuentas-2019\/","og_site_name":"GAD parroquial Alaquez","article_modified_time":"2020-10-16T16:16:46+00:00","twitter_card":"summary_large_image","schema":{"@context":"https:\/\/schema.org","@graph":[{"@type":"WebPage","@id":"https:\/\/alaquez.gob.ec\/cotopaxi\/rendicion-de-cuentas-2019\/","url":"https:\/\/alaquez.gob.ec\/cotopaxi\/rendicion-de-cuentas-2019\/","name":"- GAD parroquial Alaquez","isPartOf":{"@id":"https:\/\/alaquez.gob.ec\/cotopaxi\/#website"},"datePublished":"2019-01-20T14:29:34+00:00","dateModified":"2020-10-16T16:16:46+00:00","inLanguage":"es","potentialAction":[{"@type":"ReadAction","target":["https:\/\/alaquez.gob.ec\/cotopaxi\/rendicion-de-cuentas-2019\/"]}]},{"@type":"WebSite","@id":"https:\/\/alaquez.gob.ec\/cotopaxi\/#website","url":"https:\/\/alaquez.gob.ec\/cotopaxi\/","name":"GAD Parroquial de Alaquez Cotopaxi","description":"Sitio Oficial del GAD Parroquial de Alaquez Cotopaxi","publisher":{"@id":"https:\/\/alaquez.gob.ec\/cotopaxi\/#organization"},"potentialAction":[{"@type":"SearchAction","target":{"@type":"EntryPoint","urlTemplate":"https:\/\/alaquez.gob.ec\/cotopaxi\/?s={search_term_string}"},"query-input":{"@type":"PropertyValueSpecification","valueRequired":true,"valueName":"search_term_string"}}],"inLanguage":"es"},{"@type":"Organization","@id":"https:\/\/alaquez.gob.ec\/cotopaxi\/#organization","name":"GAD Parroquial de Alaquez","url":"https:\/\/alaquez.gob.ec\/cotopaxi\/","logo":{"@type":"ImageObject","inLanguage":"es","@id":"https:\/\/alaquez.gob.ec\/cotopaxi\/#\/schema\/logo\/image\/","url":"https:\/\/alaquez.gob.ec\/cotopaxi\/wp-content\/uploads\/2020\/06\/logoFooter.png","contentUrl":"https:\/\/alaquez.gob.ec\/cotopaxi\/wp-content\/uploads\/2020\/06\/logoFooter.png","width":160,"height":156,"caption":"GAD Parroquial de Alaquez"},"image":{"@id":"https:\/\/alaquez.gob.ec\/cotopaxi\/#\/schema\/logo\/image\/"}}]}},"_links":{"self":[{"href":"http:\/\/alaquez.gob.ec\/cotopaxi\/wp-json\/wp\/v2\/pages\/844","targetHints":{"allow":["GET"]}}],"collection":[{"href":"http:\/\/alaquez.gob.ec\/cotopaxi\/wp-json\/wp\/v2\/pages"}],"about":[{"href":"http:\/\/alaquez.gob.ec\/cotopaxi\/wp-json\/wp\/v2\/types\/page"}],"author":[{"embeddable":true,"href":"http:\/\/alaquez.gob.ec\/cotopaxi\/wp-json\/wp\/v2\/users\/2"}],"replies":[{"embeddable":true,"href":"http:\/\/alaquez.gob.ec\/cotopaxi\/wp-json\/wp\/v2\/comments?post=844"}],"version-history":[{"count":9,"href":"http:\/\/alaquez.gob.ec\/cotopaxi\/wp-json\/wp\/v2\/pages\/844\/revisions"}],"predecessor-version":[{"id":2020,"href":"http:\/\/alaquez.gob.ec\/cotopaxi\/wp-json\/wp\/v2\/pages\/844\/revisions\/2020"}],"wp:attachment":[{"href":"http:\/\/alaquez.gob.ec\/cotopaxi\/wp-json\/wp\/v2\/media?parent=844"}],"curies":[{"name":"wp","href":"https:\/\/api.w.org\/{rel}","templated":true}]}}