{"id":2077,"date":"2021-01-05T11:27:39","date_gmt":"2021-01-05T15:27:39","guid":{"rendered":"https:\/\/alaquez.gob.ec\/cotopaxi\/?page_id=2077"},"modified":"2022-05-27T17:01:41","modified_gmt":"2022-05-27T21:01:41","slug":"rendicion-de-cuentas-2021","status":"publish","type":"page","link":"http:\/\/alaquez.gob.ec\/cotopaxi\/rendicion-de-cuentas-2021\/","title":{"rendered":"Rendici\u00f3n de Cuentas 2021"},"content":{"rendered":"<p>&nbsp;<\/p>\n<p>INVITACI\u00d3N A RENDICI\u00d3N DE CUENTAS EJERCICIO FISCAL 2022.<\/p>\n<p>&nbsp;<\/p>\n<p>&nbsp;<\/p>\n<p><a href=\"https:\/\/alaquez.gob.ec\/cotopaxi\/wp-content\/uploads\/2022\/05\/Certificado_Cumplimiento_Tributario-L.A..pdf\">Certificado_Cumplimiento_Tributario L.A.<\/a><img loading=\"lazy\" decoding=\"async\" class=\"alignnone size-medium wp-image-2729\" src=\"https:\/\/alaquez.gob.ec\/cotopaxi\/wp-content\/uploads\/2022\/04\/INVITACI\u00d3N-RENDICI\u00d3N-DE-CTAS-2021-550x398.jpeg\" alt=\"\" width=\"550\" height=\"398\" srcset=\"http:\/\/alaquez.gob.ec\/cotopaxi\/wp-content\/uploads\/2022\/04\/INVITACI\u00d3N-RENDICI\u00d3N-DE-CTAS-2021-550x398.jpeg 550w, http:\/\/alaquez.gob.ec\/cotopaxi\/wp-content\/uploads\/2022\/04\/INVITACI\u00d3N-RENDICI\u00d3N-DE-CTAS-2021-1024x741.jpeg 1024w, http:\/\/alaquez.gob.ec\/cotopaxi\/wp-content\/uploads\/2022\/04\/INVITACI\u00d3N-RENDICI\u00d3N-DE-CTAS-2021-768x556.jpeg 768w, http:\/\/alaquez.gob.ec\/cotopaxi\/wp-content\/uploads\/2022\/04\/INVITACI\u00d3N-RENDICI\u00d3N-DE-CTAS-2021.jpeg 1182w\" sizes=\"auto, (max-width: 550px) 100vw, 550px\" \/><\/p>\n<p>&nbsp;<\/p>\n<p>&nbsp;<\/p>\n<p>https:\/\/alaquez.gob.ec\/cotopaxi\/wp-content\/uploads\/2021\/07\/ACTA-DE-NOMBRAMIENTO-A-LA-COMISI%C3%93N-DE-PLANIFICACI%C3%93N.pdf<\/p>\n<p><a href=\"https:\/\/alaquez.gob.ec\/cotopaxi\/wp-content\/uploads\/2022\/05\/GAD.pptx\">GAD<\/a><\/p>\n<p><a href=\"https:\/\/alaquez.gob.ec\/cotopaxi\/wp-content\/uploads\/2022\/05\/OFICIOS-Y-OTROS-CPCCS-2021.pdf\">OFICIOS Y OTROS CPCCS 2021<\/a><\/p>\n<p><a href=\"https:\/\/alaquez.gob.ec\/cotopaxi\/wp-content\/uploads\/2022\/05\/OFICIO-COMISI\u00d3N-PREGUNTAS-PARA-RENDICI\u00d3N-DE-CUENTAS.pdf\">OFICIO COMISI\u00d3N PREGUNTAS PARA RENDICI\u00d3N DE CUENTAS<\/a><\/p>\n<p>https:\/\/www.compraspublicas.gob.ec\/ProcesoContratacion\/compras\/PC\/informacionProcesoContratacion2.cpe?idSoliCompra=v1vFsy4TcZjl84arCAhAbPLx9wogXRNjxLyYTmgZusg,<\/p>\n<p>https:\/\/www.compraspublicas.gob.ec\/ProcesoContratacion\/compras\/IC\/buscarInfima.cpe#<\/p>\n<p>https:\/\/www.compraspublicas.gob.ec\/ProcesoContratacion\/compras\/IC\/buscarInfima.cpe#<\/p>\n<p>https:\/\/srienlinea.sri.gob.ec\/certificados-tributarios-internet\/pages\/cumplimientoTributario.jsf<\/p>\n","protected":false},"excerpt":{"rendered":"<p>&nbsp; INVITACI\u00d3N A RENDICI\u00d3N DE CUENTAS EJERCICIO FISCAL 2022. &nbsp; &nbsp; Certificado_Cumplimiento_Tributario L.A. &nbsp; &nbsp; https:\/\/alaquez.gob.ec\/cotopaxi\/wp-content\/uploads\/2021\/07\/ACTA-DE-NOMBRAMIENTO-A-LA-COMISI%C3%93N-DE-PLANIFICACI%C3%93N.pdf GAD OFICIOS Y OTROS CPCCS 2021 OFICIO COMISI\u00d3N PREGUNTAS PARA RENDICI\u00d3N DE CUENTAS https:\/\/www.compraspublicas.gob.ec\/ProcesoContratacion\/compras\/PC\/informacionProcesoContratacion2.cpe?idSoliCompra=v1vFsy4TcZjl84arCAhAbPLx9wogXRNjxLyYTmgZusg, https:\/\/www.compraspublicas.gob.ec\/ProcesoContratacion\/compras\/IC\/buscarInfima.cpe# https:\/\/www.compraspublicas.gob.ec\/ProcesoContratacion\/compras\/IC\/buscarInfima.cpe# https:\/\/srienlinea.sri.gob.ec\/certificados-tributarios-internet\/pages\/cumplimientoTributario.jsf<\/p>\n","protected":false},"author":2,"featured_media":0,"parent":0,"menu_order":0,"comment_status":"closed","ping_status":"closed","template":"","meta":{"footnotes":""},"class_list":["post-2077","page","type-page","status-publish","hentry"],"yoast_head":"<!-- This site is optimized with the Yoast SEO plugin v27.4 - https:\/\/yoast.com\/product\/yoast-seo-wordpress\/ -->\n<title>Rendici\u00f3n de Cuentas 2021 - GAD parroquial Alaquez<\/title>\n<meta name=\"robots\" content=\"index, follow, max-snippet:-1, max-image-preview:large, max-video-preview:-1\" \/>\n<link rel=\"canonical\" href=\"http:\/\/alaquez.gob.ec\/cotopaxi\/rendicion-de-cuentas-2021\/\" \/>\n<meta property=\"og:locale\" content=\"es_ES\" \/>\n<meta property=\"og:type\" content=\"article\" \/>\n<meta property=\"og:title\" content=\"Rendici\u00f3n de Cuentas 2021 - GAD parroquial Alaquez\" \/>\n<meta property=\"og:description\" content=\"&nbsp; INVITACI\u00d3N A RENDICI\u00d3N DE CUENTAS EJERCICIO FISCAL 2022. &nbsp; &nbsp; Certificado_Cumplimiento_Tributario L.A. &nbsp; &nbsp; https:\/\/alaquez.gob.ec\/cotopaxi\/wp-content\/uploads\/2021\/07\/ACTA-DE-NOMBRAMIENTO-A-LA-COMISI%C3%93N-DE-PLANIFICACI%C3%93N.pdf GAD OFICIOS Y OTROS CPCCS 2021 OFICIO COMISI\u00d3N PREGUNTAS PARA RENDICI\u00d3N DE CUENTAS https:\/\/www.compraspublicas.gob.ec\/ProcesoContratacion\/compras\/PC\/informacionProcesoContratacion2.cpe?idSoliCompra=v1vFsy4TcZjl84arCAhAbPLx9wogXRNjxLyYTmgZusg, https:\/\/www.compraspublicas.gob.ec\/ProcesoContratacion\/compras\/IC\/buscarInfima.cpe# https:\/\/www.compraspublicas.gob.ec\/ProcesoContratacion\/compras\/IC\/buscarInfima.cpe# https:\/\/srienlinea.sri.gob.ec\/certificados-tributarios-internet\/pages\/cumplimientoTributario.jsf\" \/>\n<meta property=\"og:url\" content=\"http:\/\/alaquez.gob.ec\/cotopaxi\/rendicion-de-cuentas-2021\/\" \/>\n<meta property=\"og:site_name\" content=\"GAD parroquial Alaquez\" \/>\n<meta property=\"article:modified_time\" content=\"2022-05-27T21:01:41+00:00\" \/>\n<meta name=\"twitter:card\" content=\"summary_large_image\" \/>\n<script type=\"application\/ld+json\" class=\"yoast-schema-graph\">{\"@context\":\"https:\\\/\\\/schema.org\",\"@graph\":[{\"@type\":\"WebPage\",\"@id\":\"http:\\\/\\\/alaquez.gob.ec\\\/cotopaxi\\\/rendicion-de-cuentas-2021\\\/\",\"url\":\"http:\\\/\\\/alaquez.gob.ec\\\/cotopaxi\\\/rendicion-de-cuentas-2021\\\/\",\"name\":\"Rendici\u00f3n de Cuentas 2021 - GAD parroquial Alaquez\",\"isPartOf\":{\"@id\":\"https:\\\/\\\/alaquez.gob.ec\\\/cotopaxi\\\/#website\"},\"datePublished\":\"2021-01-05T15:27:39+00:00\",\"dateModified\":\"2022-05-27T21:01:41+00:00\",\"breadcrumb\":{\"@id\":\"http:\\\/\\\/alaquez.gob.ec\\\/cotopaxi\\\/rendicion-de-cuentas-2021\\\/#breadcrumb\"},\"inLanguage\":\"es\",\"potentialAction\":[{\"@type\":\"ReadAction\",\"target\":[\"http:\\\/\\\/alaquez.gob.ec\\\/cotopaxi\\\/rendicion-de-cuentas-2021\\\/\"]}]},{\"@type\":\"BreadcrumbList\",\"@id\":\"http:\\\/\\\/alaquez.gob.ec\\\/cotopaxi\\\/rendicion-de-cuentas-2021\\\/#breadcrumb\",\"itemListElement\":[{\"@type\":\"ListItem\",\"position\":1,\"name\":\"Home\",\"item\":\"https:\\\/\\\/alaquez.gob.ec\\\/cotopaxi\\\/\"},{\"@type\":\"ListItem\",\"position\":2,\"name\":\"Rendici\u00f3n de Cuentas 2021\"}]},{\"@type\":\"WebSite\",\"@id\":\"https:\\\/\\\/alaquez.gob.ec\\\/cotopaxi\\\/#website\",\"url\":\"https:\\\/\\\/alaquez.gob.ec\\\/cotopaxi\\\/\",\"name\":\"GAD Parroquial de Alaquez Cotopaxi\",\"description\":\"Sitio Oficial del GAD Parroquial de Alaquez Cotopaxi\",\"publisher\":{\"@id\":\"https:\\\/\\\/alaquez.gob.ec\\\/cotopaxi\\\/#organization\"},\"potentialAction\":[{\"@type\":\"SearchAction\",\"target\":{\"@type\":\"EntryPoint\",\"urlTemplate\":\"https:\\\/\\\/alaquez.gob.ec\\\/cotopaxi\\\/?s={search_term_string}\"},\"query-input\":{\"@type\":\"PropertyValueSpecification\",\"valueRequired\":true,\"valueName\":\"search_term_string\"}}],\"inLanguage\":\"es\"},{\"@type\":\"Organization\",\"@id\":\"https:\\\/\\\/alaquez.gob.ec\\\/cotopaxi\\\/#organization\",\"name\":\"GAD Parroquial de Alaquez\",\"url\":\"https:\\\/\\\/alaquez.gob.ec\\\/cotopaxi\\\/\",\"logo\":{\"@type\":\"ImageObject\",\"inLanguage\":\"es\",\"@id\":\"https:\\\/\\\/alaquez.gob.ec\\\/cotopaxi\\\/#\\\/schema\\\/logo\\\/image\\\/\",\"url\":\"https:\\\/\\\/alaquez.gob.ec\\\/cotopaxi\\\/wp-content\\\/uploads\\\/2020\\\/06\\\/logoFooter.png\",\"contentUrl\":\"https:\\\/\\\/alaquez.gob.ec\\\/cotopaxi\\\/wp-content\\\/uploads\\\/2020\\\/06\\\/logoFooter.png\",\"width\":160,\"height\":156,\"caption\":\"GAD Parroquial de Alaquez\"},\"image\":{\"@id\":\"https:\\\/\\\/alaquez.gob.ec\\\/cotopaxi\\\/#\\\/schema\\\/logo\\\/image\\\/\"}}]}<\/script>\n<!-- \/ Yoast SEO plugin. -->","yoast_head_json":{"title":"Rendici\u00f3n de Cuentas 2021 - GAD parroquial Alaquez","robots":{"index":"index","follow":"follow","max-snippet":"max-snippet:-1","max-image-preview":"max-image-preview:large","max-video-preview":"max-video-preview:-1"},"canonical":"http:\/\/alaquez.gob.ec\/cotopaxi\/rendicion-de-cuentas-2021\/","og_locale":"es_ES","og_type":"article","og_title":"Rendici\u00f3n de Cuentas 2021 - GAD parroquial Alaquez","og_description":"&nbsp; INVITACI\u00d3N A RENDICI\u00d3N DE CUENTAS EJERCICIO FISCAL 2022. &nbsp; &nbsp; Certificado_Cumplimiento_Tributario L.A. &nbsp; &nbsp; https:\/\/alaquez.gob.ec\/cotopaxi\/wp-content\/uploads\/2021\/07\/ACTA-DE-NOMBRAMIENTO-A-LA-COMISI%C3%93N-DE-PLANIFICACI%C3%93N.pdf GAD OFICIOS Y OTROS CPCCS 2021 OFICIO COMISI\u00d3N PREGUNTAS PARA RENDICI\u00d3N DE CUENTAS https:\/\/www.compraspublicas.gob.ec\/ProcesoContratacion\/compras\/PC\/informacionProcesoContratacion2.cpe?idSoliCompra=v1vFsy4TcZjl84arCAhAbPLx9wogXRNjxLyYTmgZusg, https:\/\/www.compraspublicas.gob.ec\/ProcesoContratacion\/compras\/IC\/buscarInfima.cpe# https:\/\/www.compraspublicas.gob.ec\/ProcesoContratacion\/compras\/IC\/buscarInfima.cpe# https:\/\/srienlinea.sri.gob.ec\/certificados-tributarios-internet\/pages\/cumplimientoTributario.jsf","og_url":"http:\/\/alaquez.gob.ec\/cotopaxi\/rendicion-de-cuentas-2021\/","og_site_name":"GAD parroquial Alaquez","article_modified_time":"2022-05-27T21:01:41+00:00","twitter_card":"summary_large_image","schema":{"@context":"https:\/\/schema.org","@graph":[{"@type":"WebPage","@id":"http:\/\/alaquez.gob.ec\/cotopaxi\/rendicion-de-cuentas-2021\/","url":"http:\/\/alaquez.gob.ec\/cotopaxi\/rendicion-de-cuentas-2021\/","name":"Rendici\u00f3n de Cuentas 2021 - GAD parroquial Alaquez","isPartOf":{"@id":"https:\/\/alaquez.gob.ec\/cotopaxi\/#website"},"datePublished":"2021-01-05T15:27:39+00:00","dateModified":"2022-05-27T21:01:41+00:00","breadcrumb":{"@id":"http:\/\/alaquez.gob.ec\/cotopaxi\/rendicion-de-cuentas-2021\/#breadcrumb"},"inLanguage":"es","potentialAction":[{"@type":"ReadAction","target":["http:\/\/alaquez.gob.ec\/cotopaxi\/rendicion-de-cuentas-2021\/"]}]},{"@type":"BreadcrumbList","@id":"http:\/\/alaquez.gob.ec\/cotopaxi\/rendicion-de-cuentas-2021\/#breadcrumb","itemListElement":[{"@type":"ListItem","position":1,"name":"Home","item":"https:\/\/alaquez.gob.ec\/cotopaxi\/"},{"@type":"ListItem","position":2,"name":"Rendici\u00f3n de Cuentas 2021"}]},{"@type":"WebSite","@id":"https:\/\/alaquez.gob.ec\/cotopaxi\/#website","url":"https:\/\/alaquez.gob.ec\/cotopaxi\/","name":"GAD Parroquial de Alaquez Cotopaxi","description":"Sitio Oficial del GAD Parroquial de Alaquez Cotopaxi","publisher":{"@id":"https:\/\/alaquez.gob.ec\/cotopaxi\/#organization"},"potentialAction":[{"@type":"SearchAction","target":{"@type":"EntryPoint","urlTemplate":"https:\/\/alaquez.gob.ec\/cotopaxi\/?s={search_term_string}"},"query-input":{"@type":"PropertyValueSpecification","valueRequired":true,"valueName":"search_term_string"}}],"inLanguage":"es"},{"@type":"Organization","@id":"https:\/\/alaquez.gob.ec\/cotopaxi\/#organization","name":"GAD Parroquial de Alaquez","url":"https:\/\/alaquez.gob.ec\/cotopaxi\/","logo":{"@type":"ImageObject","inLanguage":"es","@id":"https:\/\/alaquez.gob.ec\/cotopaxi\/#\/schema\/logo\/image\/","url":"https:\/\/alaquez.gob.ec\/cotopaxi\/wp-content\/uploads\/2020\/06\/logoFooter.png","contentUrl":"https:\/\/alaquez.gob.ec\/cotopaxi\/wp-content\/uploads\/2020\/06\/logoFooter.png","width":160,"height":156,"caption":"GAD Parroquial de Alaquez"},"image":{"@id":"https:\/\/alaquez.gob.ec\/cotopaxi\/#\/schema\/logo\/image\/"}}]}},"_links":{"self":[{"href":"http:\/\/alaquez.gob.ec\/cotopaxi\/wp-json\/wp\/v2\/pages\/2077","targetHints":{"allow":["GET"]}}],"collection":[{"href":"http:\/\/alaquez.gob.ec\/cotopaxi\/wp-json\/wp\/v2\/pages"}],"about":[{"href":"http:\/\/alaquez.gob.ec\/cotopaxi\/wp-json\/wp\/v2\/types\/page"}],"author":[{"embeddable":true,"href":"http:\/\/alaquez.gob.ec\/cotopaxi\/wp-json\/wp\/v2\/users\/2"}],"replies":[{"embeddable":true,"href":"http:\/\/alaquez.gob.ec\/cotopaxi\/wp-json\/wp\/v2\/comments?post=2077"}],"version-history":[{"count":14,"href":"http:\/\/alaquez.gob.ec\/cotopaxi\/wp-json\/wp\/v2\/pages\/2077\/revisions"}],"predecessor-version":[{"id":2754,"href":"http:\/\/alaquez.gob.ec\/cotopaxi\/wp-json\/wp\/v2\/pages\/2077\/revisions\/2754"}],"wp:attachment":[{"href":"http:\/\/alaquez.gob.ec\/cotopaxi\/wp-json\/wp\/v2\/media?parent=2077"}],"curies":[{"name":"wp","href":"https:\/\/api.w.org\/{rel}","templated":true}]}}